{"id":2713,"date":"2023-10-10T17:37:58","date_gmt":"2023-10-10T15:37:58","guid":{"rendered":"https:\/\/limodor.dev-web.at\/de\/?page_id=2713"},"modified":"2025-03-24T13:06:03","modified_gmt":"2025-03-24T12:06:03","slug":"limodor-lf200","status":"publish","type":"page","link":"https:\/\/limodor-dev.dev-web.at\/de\/lueftungen\/lueftungssysteme\/zubehoer-ersatzteile\/ersatzgeblaese\/limodor-lf200\/","title":{"rendered":"LIMODOR LF200"},"content":{"rendered":"\n\t<section class=\"section section-top-space\" id=\"section_1431784907\">\n\t\t<div class=\"bg section-bg fill bg-fill  bg-loaded\" >\n\n\t\t\t\n\t\t\t\n\t\t\t\n\n\t\t<\/div>\n\n\t\t\n\n\t\t<div class=\"section-content relative\">\n\t\t\t\n\n<div class=\"row\"  id=\"row-1637646393\">\n\n\n\t<div id=\"col-606005956\" class=\"col medium-12 small-12 large-6\"  >\n\t\t\t\t<div class=\"col-inner\"  >\n\t\t\t\n\t\t\t\n\n<div class=\"breadcrumbs-row\"><div class=\"breadcrumbs-container\"><div class=\"breadcrumb-element\"><a href=\"https:\/\/limodor-dev.dev-web.at\/de\/lueftungen\/\"><span>L\u00f6sungen<\/span><\/a><div>><\/div><\/div><div class=\"breadcrumb-element\"><a href=\"https:\/\/limodor-dev.dev-web.at\/de\/lueftungen\/lueftungssysteme\/\"><span>L\u00fcftungssysteme<\/span><\/a><div>><\/div><\/div><div class=\"breadcrumb-element\"><a href=\"https:\/\/limodor-dev.dev-web.at\/de\/lueftungen\/lueftungssysteme\/zubehoer-ersatzteile\/\"><span>Zubeh\u00f6r &amp; Ersatzteile<\/span><\/a><div>><\/div><\/div><div class=\"breadcrumb-element\"><a href=\"https:\/\/limodor-dev.dev-web.at\/de\/lueftungen\/lueftungssysteme\/zubehoer-ersatzteile\/ersatzgeblaese\/\"><span>Ersatzgebl\u00e4se &amp; Zubeh\u00f6r<\/span><\/a><div>><\/div><\/div><div class=\"breadcrumb-element\"><a href=\"https:\/\/limodor-dev.dev-web.at\/de\/lueftungen\/lueftungssysteme\/zubehoer-ersatzteile\/ersatzgeblaese\/limodor-lf200\/\"><span>LIMODOR LF200<\/span><\/a><div class=\"ricegrain-container Sonnengelb\"><\/div><\/div><\/div><\/div>\n\n<h1>LIMODOR Serie F\/E<\/h1>\n<div class=\"is-divider divider clearfix\" style=\"margin-top:0px;margin-bottom:0px;max-width:480px;background-color:rgb(255, 204, 0);\"><\/div>\n\n\t<div id=\"gap-1390530690\" class=\"gap-element clearfix\" style=\"display:block; height:auto;\">\n\t\t\n<style>\n#gap-1390530690 {\n  padding-top: 10px;\n}\n@media (min-width:550px) {\n  #gap-1390530690 {\n    padding-top: 20px;\n  }\n}\n<\/style>\n\t<\/div>\n\t\n\n<p>Unterputz-L\u00fcftungsger\u00e4t f\u00fcr den Wand- oder Deckeneinbau. Einbau im Schutzbereich II nach DIN VDE 0100-701 zul\u00e4ssig. Bestehend aus einem Kunststoffkasten mit seitlichem Ausblasstutzen NW 80 mm, Gebl\u00e4seeinsatz (2-stufig, Kondensatormotor), sowie 3-teiligem wei\u00dfen Deckel (Farbe \u00e4hnlich RAL 9016) mit Filtereinsatz, der ohne Werkzeug leicht wechselbar ist. Der Gebl\u00e4seeinsatz verf\u00fcgt \u00fcber einen Steckanschluss zur Aufnahme der Steckerkupplung wie auch LIMODOR-Steuerungen.<\/p>\n\n\t\t<\/div>\n\t\t\t\t\t<\/div>\n\n\t\n\n\t<div id=\"col-124944627\" class=\"col medium-12 small-12 large-6 medium-col-first\"  >\n\t\t\t\t<div class=\"col-inner text-center\"  >\n\t\t\t\n\t\t\t\n\n\t<div class=\"img has-hover x md-x lg-x y md-y lg-y\" id=\"image_1634990445\">\n\t\t\t\t\t\t\t\t<div class=\"img-inner dark\" >\n\t\t\t<img loading=\"lazy\" decoding=\"async\" width=\"1184\" height=\"1184\" src=\"https:\/\/limodor-dev.dev-web.at\/de\/wp-content\/uploads\/sites\/2\/2023\/10\/Luefter_ELF.png\" class=\"attachment-original size-original\" alt=\"\" srcset=\"https:\/\/limodor-dev.dev-web.at\/de\/wp-content\/uploads\/sites\/2\/2023\/10\/Luefter_ELF.png 1184w, https:\/\/limodor-dev.dev-web.at\/de\/wp-content\/uploads\/sites\/2\/2023\/10\/Luefter_ELF-300x300.png 300w, https:\/\/limodor-dev.dev-web.at\/de\/wp-content\/uploads\/sites\/2\/2023\/10\/Luefter_ELF-1024x1024.png 1024w, https:\/\/limodor-dev.dev-web.at\/de\/wp-content\/uploads\/sites\/2\/2023\/10\/Luefter_ELF-150x150.png 150w, https:\/\/limodor-dev.dev-web.at\/de\/wp-content\/uploads\/sites\/2\/2023\/10\/Luefter_ELF-768x768.png 768w, https:\/\/limodor-dev.dev-web.at\/de\/wp-content\/uploads\/sites\/2\/2023\/10\/Luefter_ELF-247x247.png 247w, https:\/\/limodor-dev.dev-web.at\/de\/wp-content\/uploads\/sites\/2\/2023\/10\/Luefter_ELF-510x510.png 510w, https:\/\/limodor-dev.dev-web.at\/de\/wp-content\/uploads\/sites\/2\/2023\/10\/Luefter_ELF-100x100.png 100w\" sizes=\"auto, (max-width: 1184px) 100vw, 1184px\" \/>\t\t\t\t\t\t\n\t\t\t\t\t<\/div>\n\t\t\t\t\t\t\t\t\n<style>\n#image_1634990445 {\n  width: 65%;\n}\n<\/style>\n\t<\/div>\n\t\n\n\n\t\t<\/div>\n\t\t\t\t\t<\/div>\n\n\t\n\n<\/div>\n\n\t\t<\/div>\n\n\t\t\n<style>\n#section_1431784907 {\n  padding-top: 0px;\n  padding-bottom: 0px;\n}\n<\/style>\n\t<\/section>\n\t\n\t<section class=\"section section-top-space\" id=\"section_330185853\">\n\t\t<div class=\"bg section-bg fill bg-fill  bg-loaded\" >\n\n\t\t\t\n\t\t\t\n\t\t\t\n\n\t\t<\/div>\n\n\t\t\n\n\t\t<div class=\"section-content relative\">\n\t\t\t\n\n<div class=\"row\"  id=\"row-1020481515\">\n\n\n\t<div id=\"col-1365236760\" class=\"col no-padding-bottom small-12 large-12\"  >\n\t\t\t\t<div class=\"col-inner\"  >\n\t\t\t\n\t\t\t\n\n<h3>Bestellhinweise<\/h3>\n<div class=\"accordion\">\n\n\t<div id=\"accordion-353075590\" class=\"accordion-item\">\n\t\t<a id=\"accordion-353075590-label\" class=\"accordion-title plain\" href=\"#accordion-item-gebl\u00e4seeinsatz\" aria-expanded=\"false\" aria-controls=\"accordion-353075590-content\" >\n\t\t\t<button class=\"toggle\" aria-label=\"Umschalten\"><i class=\"icon-angle-down\"><\/i><\/button>\n\t\t\t<span>Gebl\u00e4seeinsatz<\/span>\n\t\t<\/a>\n\t\t<div id=\"accordion-353075590-content\" class=\"accordion-inner\" aria-labelledby=\"accordion-353075590-label\" >\n\t\t\t\n\n<div class=\"row\"  id=\"row-1463581808\">\n\n\n\t<div id=\"col-421807402\" class=\"col small-12 large-12\"  >\n\t\t\t\t<div class=\"col-inner\"  >\n\t\t\t\n\t\t\t\n\n\t<div id=\"text-1855908826\" class=\"text\">\n\t\t\n\n<table>\n<tbody>\n<tr>\n<th><span style=\"font-size: 90%\">Bezeichnung<\/span><\/th>\n<th><span style=\"font-size: 90%\">Kurzbeschreibung<\/span><\/th>\n<th><span style=\"font-size: 90%\">Art.-Nr.<\/span><\/th>\n<\/tr>\n<tr>\n<td>\n<p>Gebl\u00e4seeinsatz LF200-60<\/p>\n<\/td>\n<td>2-stufige Gebl\u00e4seeinheit mit Volumenstrom Voll-\/Teillast: 155\/60 m\u00b3\/h<\/td>\n<td>00200<\/td>\n<\/tr>\n<\/tbody>\n<\/table>\n\t\t\n<style>\n#text-1855908826 {\n  text-align: left;\n}\n<\/style>\n\t<\/div>\n\t\n\n\t\t<\/div>\n\t\t\t\t\t<\/div>\n\n\t\n\n<\/div>\n\n\t\t<\/div>\n\t<\/div>\n\t\n\t<div id=\"accordion-1703978797\" class=\"accordion-item\">\n\t\t<a id=\"accordion-1703978797-label\" class=\"accordion-title plain\" href=\"#accordion-item-nachr\u00fcstbare_steuermodule\" aria-expanded=\"false\" aria-controls=\"accordion-1703978797-content\" >\n\t\t\t<button class=\"toggle\" aria-label=\"Umschalten\"><i class=\"icon-angle-down\"><\/i><\/button>\n\t\t\t<span>Nachr\u00fcstbare Steuermodule<\/span>\n\t\t<\/a>\n\t\t<div id=\"accordion-1703978797-content\" class=\"accordion-inner\" aria-labelledby=\"accordion-1703978797-label\" >\n\t\t\t\n\n<div class=\"row\"  id=\"row-1845148404\">\n\n\n\t<div id=\"col-102593536\" class=\"col small-12 large-12\"  >\n\t\t\t\t<div class=\"col-inner\"  >\n\t\t\t\n\t\t\t\n\n\t<div id=\"text-2578903366\" class=\"text\">\n\t\t\n\n<table>\n<tbody>\n<tr>\n<th><span style=\"font-size: 90%\">Bezeichnung<\/span><\/th>\n<th><span style=\"font-size: 90%\">Kurzbeschreibung<\/span><\/th>\n<th><span style=\"font-size: 90%\">Art.-Nr.<\/span><\/th>\n<\/tr>\n<tr>\n<td>Steuerung SNR<\/td>\n<td>Codierbare Nachlauf- u. Einschaltverz\u00f6gerungszeit.<\/td>\n<td>99100<\/td>\n<\/tr>\n<tr>\n<td>Steuerung SINR<\/td>\n<td>Wie vor, jedoch mit codierbarem Intervall.<\/td>\n<td>99300<\/td>\n<\/tr>\n<tr>\n<td>Steuerung SNR\/TZ-230V<\/td>\n<td>Wie SINR, jedoch mit zentraler Ansteuerung (1-Kanal oder mittels Fernsteuereinheit LFS1). Kanalfunktion: \u201eStumm\u201c bei Aufschaltung.<\/td>\n<td>99115<\/td>\n<\/tr>\n<tr>\n<td>Steuerung SNR\/TZ-24V<\/td>\n<td>Wie vor, jedoch Ansteuerung mit 24 VAC.<\/td>\n<td>99116<\/td>\n<\/tr>\n<tr>\n<td>Steuerung SFR<\/td>\n<td>Codierbare Nachlauf- u. Einschaltverz\u00f6gerungszeit inkl. Invers-Betriebsweise sowie Feuchteansteuerung \u00fcber Klimalogik.<\/td>\n<td>99400<\/td>\n<\/tr>\n<\/tbody>\n<\/table>\n\t\t\n<style>\n#text-2578903366 {\n  text-align: left;\n}\n<\/style>\n\t<\/div>\n\t\n\n\t\t<\/div>\n\t\t\t\t\t<\/div>\n\n\t\n\n<\/div>\n\n\t\t<\/div>\n\t<\/div>\n\t\n\t<div id=\"accordion-2314774079\" class=\"accordion-item\">\n\t\t<a id=\"accordion-2314774079-label\" class=\"accordion-title plain\" href=\"#accordion-item-einzelteile\" aria-expanded=\"false\" aria-controls=\"accordion-2314774079-content\" >\n\t\t\t<button class=\"toggle\" aria-label=\"Umschalten\"><i class=\"icon-angle-down\"><\/i><\/button>\n\t\t\t<span>Einzelteile<\/span>\n\t\t<\/a>\n\t\t<div id=\"accordion-2314774079-content\" class=\"accordion-inner\" aria-labelledby=\"accordion-2314774079-label\" >\n\t\t\t\n\n<div class=\"row\"  id=\"row-613468698\">\n\n\n\t<div id=\"col-1661249796\" class=\"col small-12 large-12\"  >\n\t\t\t\t<div class=\"col-inner\"  >\n\t\t\t\n\t\t\t\n\n<table>\n<tbody>\n<tr>\n<th><span style=\"font-size: 90%\">Bezeichnung<\/span><\/th>\n<th><span style=\"font-size: 90%\">Kurzbeschreibung<\/span><\/th>\n<th><span style=\"font-size: 90%\">Art.-Nr.<\/span><\/th>\n<\/tr>\n<tr>\n<td>\n<p>Deckel LF200<\/p>\n<\/td>\n<td>Deckel LF 200 bestehend aus Geh\u00e4usedeckel, Filter, Regulierplatte und Abdeckplatte glattfl\u00e4chig LF 200<\/td>\n<td>00007<\/td>\n<\/tr>\n<\/tbody>\n<\/table>\n\n\t\t<\/div>\n\t\t\t\t\t<\/div>\n\n\t\n\n<\/div>\n\n\t\t<\/div>\n\t<\/div>\n\t\n\t<div id=\"accordion-2514851673\" class=\"accordion-item\">\n\t\t<a id=\"accordion-2514851673-label\" class=\"accordion-title plain\" href=\"#accordion-item-ersatzteile\" aria-expanded=\"false\" aria-controls=\"accordion-2514851673-content\" >\n\t\t\t<button class=\"toggle\" aria-label=\"Umschalten\"><i class=\"icon-angle-down\"><\/i><\/button>\n\t\t\t<span>Ersatzteile<\/span>\n\t\t<\/a>\n\t\t<div id=\"accordion-2514851673-content\" class=\"accordion-inner\" aria-labelledby=\"accordion-2514851673-label\" >\n\t\t\t\n\n<div class=\"row\"  id=\"row-1679675495\">\n\n\n\t<div id=\"col-402159403\" class=\"col small-12 large-12\"  >\n\t\t\t\t<div class=\"col-inner\"  >\n\t\t\t\n\t\t\t\n\n\t<div id=\"text-1971257747\" class=\"text\">\n\t\t\n\n<table>\n<tbody>\n<tr>\n<th><span style=\"font-size: 90%\">Bezeichnung<\/span><\/th>\n<th><span style=\"font-size: 90%\">Kurzbeschreibung<\/span><\/th>\n<th><span style=\"font-size: 90%\">Art.-Nr.<\/span><\/th>\n<\/tr>\n<tr>\n<td>Filter F-LF\/5<\/td>\n<td>2-stufiges Synthetik-Filtervlies (Filterklasse: ISO Coarse &gt;45% -alt: G3-), Packungsinhalt: 5 St\u00fcck<\/td>\n<td>00010<\/td>\n<\/tr>\n<tr>\n<td>Steckerkupplung<\/td>\n<td>Elektrische Anschlussklemme f\u00fcr Gebl\u00e4se LF200-60.<\/td>\n<td>90019<\/td>\n<\/tr>\n<\/tbody>\n<\/table>\n\t\t\n<style>\n#text-1971257747 {\n  text-align: left;\n}\n<\/style>\n\t<\/div>\n\t\n\n\t\t<\/div>\n\t\t\t\t\t<\/div>\n\n\t\n\n<\/div>\n\n\t\t<\/div>\n\t<\/div>\n\t\n\n<\/div>\n\n\t\t<\/div>\n\t\t\t\t\t<\/div>\n\n\t\n\n<\/div>\n\n\t\t<\/div>\n\n\t\t\n<style>\n#section_330185853 {\n  padding-top: 0px;\n  padding-bottom: 0px;\n}\n<\/style>\n\t<\/section>\n\t\n\t<section class=\"section section-top-space\" id=\"section_28915158\">\n\t\t<div class=\"bg section-bg fill bg-fill  bg-loaded\" >\n\n\t\t\t\n\t\t\t\n\t\t\t\n\n\t\t<\/div>\n\n\t\t\n\n\t\t<div class=\"section-content relative\">\n\t\t\t\n\n<div class=\"row\"  id=\"row-363157798\">\n\n\n\t<div id=\"col-691135360\" class=\"col no-padding-bottom small-12 large-12\"  >\n\t\t\t\t<div class=\"col-inner\"  >\n\t\t\t\n\t\t\t\n\n<h3>FAQ zum Thema Abluftsystem<\/h3>\n<a href=\"\/de\/faq\/\" target=\"_self\" class=\"button primary is-outline\"  style=\"border-radius:10px;\">\n    <span>Zu den FAQ\u00b4s<\/span>\n  <\/a>\n\n\n\n\t\t<\/div>\n\t\t\t\t\t<\/div>\n\n\t\n\n<\/div>\n\n\t\t<\/div>\n\n\t\t\n<style>\n#section_28915158 {\n  padding-top: 0px;\n  padding-bottom: 0px;\n}\n<\/style>\n\t<\/section>\n\t\n\t<section class=\"section section-top-space\" id=\"section_52365162\">\n\t\t<div class=\"bg section-bg fill bg-fill  bg-loaded\" >\n\n\t\t\t\n\t\t\t\n\t\t\t\n\n\t\t<\/div>\n\n\t\t\n\n\t\t<div class=\"section-content relative\">\n\t\t\t\n\n<div class=\"row\"  id=\"row-1264955295\">\n\n\n\t<div id=\"col-1823257044\" class=\"col small-12 large-12\"  >\n\t\t\t\t<div class=\"col-inner\"  >\n\t\t\t\n\t\t\t\n\n<h3>Datenbl\u00e4tter &amp; Anleitungen<\/h3>\n\n\t\t<\/div>\n\t\t\t\t\t<\/div>\n\n\t\n\n\t<div id=\"col-1464510391\" class=\"col small-12 large-12\"  >\n\t\t\t\t<div class=\"col-inner\"  >\n\t\t\t\n\t\t\t\n\n<p><strong>PRODUKT-ANLEITUNGEN<\/strong><\/p>\n<div class=\"row\"  id=\"row-670258355\">\n\n\n\t<div id=\"col-1697008870\" class=\"col medium-6 small-12 large-4\"  >\n\t\t\t\t<div class=\"col-inner\"  >\n\t\t\t\n\t\t\t\n\n<div \r\n                id=\"e5-oxomi-2578850287\" \r\n                class=\"e5-oxomi-output\" \r\n                data-portal-id=\"3000988\"\r\n                data-oxomi_type_select=\"selectOptionSingleDocument\"\r\n                data-oxomi_keyword=\"\"\r\n                data-oxomi_keyword_filter_select=\"\"\r\n                data-oxomi_categories=\"\"\r\n                data-oxomi_types=\"\"\r\n                data-oxomi_brands=\"\"\r\n                data-oxomi_tags=\"\"\r\n                data-oxomi_document_id=\"10486038\"\r\n                data-oxomi_document_page=\"\"\r\n                data-oxomi_search=\"\"\r\n                data-oxomi_group_by_select=\"\"\r\n                data-oxomi_group_by_filter=\"\"\r\n                data-lang=\"de\"\r\n            >\r\n            <\/div>\n\n\n\t\t<\/div>\n\t\t\t\t\t<\/div>\n\n\t\n\n<\/div>\n\n\t\t<\/div>\n\t\t\t\t\t<\/div>\n\n\t\n\n\t<div id=\"col-53274499\" class=\"col small-12 large-12\"  >\n\t\t\t\t<div class=\"col-inner\"  >\n\t\t\t\n\t\t\t\n\n<p><strong>PRODUKTINFORMATION<\/strong><\/p>\n<div class=\"row\"  id=\"row-1107788375\">\n\n\n\t<div id=\"col-847946547\" class=\"col medium-6 small-12 large-4\"  >\n\t\t\t\t<div class=\"col-inner\"  >\n\t\t\t\n\t\t\t\n\n<div \r\n                id=\"e5-oxomi-948235457\" \r\n                class=\"e5-oxomi-output\" \r\n                data-portal-id=\"3000988\"\r\n                data-oxomi_type_select=\"selectOptionSingleDocument\"\r\n                data-oxomi_keyword=\"\"\r\n                data-oxomi_keyword_filter_select=\"\"\r\n                data-oxomi_categories=\"\"\r\n                data-oxomi_types=\"\"\r\n                data-oxomi_brands=\"\"\r\n                data-oxomi_tags=\"\"\r\n                data-oxomi_document_id=\"10486801\"\r\n                data-oxomi_document_page=\"\"\r\n                data-oxomi_search=\"\"\r\n                data-oxomi_group_by_select=\"\"\r\n                data-oxomi_group_by_filter=\"\"\r\n                data-lang=\"de\"\r\n            >\r\n            <\/div>\n\n\n\t\t<\/div>\n\t\t\t\t\t<\/div>\n\n\t\n\n<\/div>\n\n\t\t<\/div>\n\t\t\t\t\t<\/div>\n\n\t\n\n\t<div id=\"col-871870156\" class=\"col small-12 large-12\"  >\n\t\t\t\t<div class=\"col-inner\"  >\n\t\t\t\n\t\t\t\n\n<p><strong>AUSSCHREIBUNGSTEXTE (Link zu ausschreiben.de)<\/strong><\/p>\n<p><a href=\"https:\/\/ausschreiben.de\/integration\/v2\/catalog\/limot\/gaebid\/id1085?integrationKey=114e6eb1-6b3d-4602-92ab-9ab9ed24d6b7\" target=\"_blank\" rel=\"noopener\">Gebl\u00e4seeinsatz\/-deckel LF200<\/a><\/p>\n<p><a href=\"https:\/\/ausschreiben.de\/integration\/v2\/catalog\/limot\/gaebid\/id1897?integrationKey=114e6eb1-6b3d-4602-92ab-9ab9ed24d6b7\" target=\"_blank\" rel=\"noopener\">Steuerungen f\u00fcr L\u00fcftungsger\u00e4te Serie LF200<\/a><\/p>\n<p><a href=\"https:\/\/ausschreiben.de\/integration\/v2\/catalog\/limot\/gaebid\/id1668?integrationKey=114e6eb1-6b3d-4602-92ab-9ab9ed24d6b7\" target=\"_blank\" rel=\"noopener\">Zubeh\u00f6r<\/a><\/p>\n\n\t\t<\/div>\n\t\t\t\t\t<\/div>\n\n\t\n\n<\/div>\n\n\t\t<\/div>\n\n\t\t\n<style>\n#section_52365162 {\n  padding-top: 0px;\n  padding-bottom: 0px;\n}\n<\/style>\n\t<\/section>\n\t\n\t<section class=\"section section-bottom-space\" id=\"section_693740843\">\n\t\t<div class=\"bg section-bg fill bg-fill  bg-loaded\" >\n\n\t\t\t\n\t\t\t\n\t\t\t\n\n\t\t<\/div>\n\n\t\t\n\n\t\t<div class=\"section-content relative\">\n\t\t\t\n\n<div class=\"row row-collapse align-middle align-right ventilation-system-overview\"  id=\"row-1862011423\">\n\n\n\t<div id=\"col-485735933\" class=\"col medium-6 small-12 large-3\"  >\n\t\t\t\t<div class=\"col-inner\"  >\n\t\t\t\n\t\t\t\n\n\t<div id=\"text-3872865219\" class=\"text\">\n\t\t\n\n<p class=\"sub-headline\">Nicht das Richtige gefunden?<\/p>\n\t\t\n<style>\n#text-3872865219 {\n  text-align: center;\n}\n@media (min-width:550px) {\n  #text-3872865219 {\n    text-align: right;\n  }\n}\n<\/style>\n\t<\/div>\n\t\n\n\t\t<\/div>\n\t\t\t\t\t<\/div>\n\n\t\n\n\t<div id=\"col-770345573\" class=\"col medium-6 small-12 large-3\"  >\n\t\t\t\t<div class=\"col-inner text-center\"  >\n\t\t\t\n\t\t\t\n\n<a href=\"\/de\/lueftungssysteme\" target=\"_self\" class=\"button primary is-outline is-small\"  style=\"border-radius:10px;\">\n    <span>zur\u00fcck zur \u00dcbersicht<\/span>\n  <\/a>\n\n\n\n\t\t<\/div>\n\t\t\t\t\n<style>\n#col-770345573 > .col-inner {\n  padding: 0px 0px 0px 0px;\n  margin: 20px 0px 0px 0px;\n}\n@media (min-width:550px) {\n  #col-770345573 > .col-inner {\n    padding: 0px 0px 0px 30px;\n    margin: 0px 0px 0px 0px;\n  }\n}\n<\/style>\n\t<\/div>\n\n\t\n\n<\/div>\n\n\n\t\t<\/div>\n\n\t\t\n<style>\n#section_693740843 {\n  padding-top: 0px;\n  padding-bottom: 0px;\n}\n@media (min-width:550px) {\n  #section_693740843 {\n    padding-top: 0px;\n    padding-bottom: 0px;\n  }\n}\n<\/style>\n\t<\/section>\n\t\n\n\n\n<p><\/p>\n","protected":false},"excerpt":{"rendered":"","protected":false},"author":7,"featured_media":0,"parent":2897,"menu_order":0,"comment_status":"closed","ping_status":"closed","template":"page-blank.php","meta":{"_acf_changed":false,"footnotes":""},"class_list":["post-2713","page","type-page","status-publish","hentry"],"acf":[],"yoast_head":"<!-- This site is optimized with the Yoast SEO plugin v27.3 - https:\/\/yoast.com\/product\/yoast-seo-wordpress\/ -->\n<title>LIMODOR LF200 - LIMODOR<\/title>\n<meta name=\"robots\" content=\"noindex, follow, max-snippet:-1, max-image-preview:large, max-video-preview:-1\" \/>\n<meta property=\"og:locale\" content=\"de_DE\" \/>\n<meta property=\"og:type\" content=\"article\" \/>\n<meta property=\"og:title\" content=\"LIMODOR LF200 - LIMODOR\" \/>\n<meta property=\"og:url\" content=\"https:\/\/limodor-dev.dev-web.at\/de\/lueftungen\/lueftungssysteme\/zubehoer-ersatzteile\/ersatzgeblaese\/limodor-lf200\/\" \/>\n<meta property=\"og:site_name\" content=\"LIMODOR DE\" \/>\n<meta property=\"article:modified_time\" content=\"2025-03-24T12:06:03+00:00\" \/>\n<meta name=\"twitter:card\" content=\"summary_large_image\" \/>\n<meta name=\"twitter:label1\" content=\"Gesch\u00e4tzte Lesezeit\" \/>\n\t<meta name=\"twitter:data1\" content=\"3\u00a0Minuten\" \/>\n<script type=\"application\/ld+json\" class=\"yoast-schema-graph\">{\"@context\":\"https:\\\/\\\/schema.org\",\"@graph\":[{\"@type\":\"WebPage\",\"@id\":\"https:\\\/\\\/limodor-dev.dev-web.at\\\/de\\\/lueftungen\\\/lueftungssysteme\\\/zubehoer-ersatzteile\\\/ersatzgeblaese\\\/limodor-lf200\\\/\",\"url\":\"https:\\\/\\\/limodor-dev.dev-web.at\\\/de\\\/lueftungen\\\/lueftungssysteme\\\/zubehoer-ersatzteile\\\/ersatzgeblaese\\\/limodor-lf200\\\/\",\"name\":\"LIMODOR LF200 - LIMODOR\",\"isPartOf\":{\"@id\":\"https:\\\/\\\/limodor-dev.dev-web.at\\\/de\\\/#website\"},\"datePublished\":\"2023-10-10T15:37:58+00:00\",\"dateModified\":\"2025-03-24T12:06:03+00:00\",\"breadcrumb\":{\"@id\":\"https:\\\/\\\/limodor-dev.dev-web.at\\\/de\\\/lueftungen\\\/lueftungssysteme\\\/zubehoer-ersatzteile\\\/ersatzgeblaese\\\/limodor-lf200\\\/#breadcrumb\"},\"inLanguage\":\"de\",\"potentialAction\":[{\"@type\":\"ReadAction\",\"target\":[\"https:\\\/\\\/limodor-dev.dev-web.at\\\/de\\\/lueftungen\\\/lueftungssysteme\\\/zubehoer-ersatzteile\\\/ersatzgeblaese\\\/limodor-lf200\\\/\"]}]},{\"@type\":\"BreadcrumbList\",\"@id\":\"https:\\\/\\\/limodor-dev.dev-web.at\\\/de\\\/lueftungen\\\/lueftungssysteme\\\/zubehoer-ersatzteile\\\/ersatzgeblaese\\\/limodor-lf200\\\/#breadcrumb\",\"itemListElement\":[{\"@type\":\"ListItem\",\"position\":1,\"name\":\"Startseite\",\"item\":\"https:\\\/\\\/limodor-dev.dev-web.at\\\/de\\\/\"},{\"@type\":\"ListItem\",\"position\":2,\"name\":\"L\u00f6sungen\",\"item\":\"https:\\\/\\\/limodor-dev.dev-web.at\\\/de\\\/lueftungen\\\/\"},{\"@type\":\"ListItem\",\"position\":3,\"name\":\"L\u00fcftungssysteme\",\"item\":\"https:\\\/\\\/limodor-dev.dev-web.at\\\/de\\\/lueftungen\\\/lueftungssysteme\\\/\"},{\"@type\":\"ListItem\",\"position\":4,\"name\":\"Zubeh\u00f6r &amp; Ersatzteile\",\"item\":\"https:\\\/\\\/limodor-dev.dev-web.at\\\/de\\\/lueftungen\\\/lueftungssysteme\\\/zubehoer-ersatzteile\\\/\"},{\"@type\":\"ListItem\",\"position\":5,\"name\":\"Ersatzgebl\u00e4se &amp; Zubeh\u00f6r\",\"item\":\"https:\\\/\\\/limodor-dev.dev-web.at\\\/de\\\/lueftungen\\\/lueftungssysteme\\\/zubehoer-ersatzteile\\\/ersatzgeblaese\\\/\"},{\"@type\":\"ListItem\",\"position\":6,\"name\":\"LIMODOR LF200\"}]},{\"@type\":\"WebSite\",\"@id\":\"https:\\\/\\\/limodor-dev.dev-web.at\\\/de\\\/#website\",\"url\":\"https:\\\/\\\/limodor-dev.dev-web.at\\\/de\\\/\",\"name\":\"LIMODOR DE\",\"description\":\"\",\"potentialAction\":[{\"@type\":\"SearchAction\",\"target\":{\"@type\":\"EntryPoint\",\"urlTemplate\":\"https:\\\/\\\/limodor-dev.dev-web.at\\\/de\\\/?s={search_term_string}\"},\"query-input\":{\"@type\":\"PropertyValueSpecification\",\"valueRequired\":true,\"valueName\":\"search_term_string\"}}],\"inLanguage\":\"de\"}]}<\/script>\n<!-- \/ Yoast SEO plugin. -->","yoast_head_json":{"title":"LIMODOR LF200 - LIMODOR","robots":{"index":"noindex","follow":"follow","max-snippet":"max-snippet:-1","max-image-preview":"max-image-preview:large","max-video-preview":"max-video-preview:-1"},"og_locale":"de_DE","og_type":"article","og_title":"LIMODOR LF200 - LIMODOR","og_url":"https:\/\/limodor-dev.dev-web.at\/de\/lueftungen\/lueftungssysteme\/zubehoer-ersatzteile\/ersatzgeblaese\/limodor-lf200\/","og_site_name":"LIMODOR DE","article_modified_time":"2025-03-24T12:06:03+00:00","twitter_card":"summary_large_image","twitter_misc":{"Gesch\u00e4tzte Lesezeit":"3\u00a0Minuten"},"schema":{"@context":"https:\/\/schema.org","@graph":[{"@type":"WebPage","@id":"https:\/\/limodor-dev.dev-web.at\/de\/lueftungen\/lueftungssysteme\/zubehoer-ersatzteile\/ersatzgeblaese\/limodor-lf200\/","url":"https:\/\/limodor-dev.dev-web.at\/de\/lueftungen\/lueftungssysteme\/zubehoer-ersatzteile\/ersatzgeblaese\/limodor-lf200\/","name":"LIMODOR LF200 - LIMODOR","isPartOf":{"@id":"https:\/\/limodor-dev.dev-web.at\/de\/#website"},"datePublished":"2023-10-10T15:37:58+00:00","dateModified":"2025-03-24T12:06:03+00:00","breadcrumb":{"@id":"https:\/\/limodor-dev.dev-web.at\/de\/lueftungen\/lueftungssysteme\/zubehoer-ersatzteile\/ersatzgeblaese\/limodor-lf200\/#breadcrumb"},"inLanguage":"de","potentialAction":[{"@type":"ReadAction","target":["https:\/\/limodor-dev.dev-web.at\/de\/lueftungen\/lueftungssysteme\/zubehoer-ersatzteile\/ersatzgeblaese\/limodor-lf200\/"]}]},{"@type":"BreadcrumbList","@id":"https:\/\/limodor-dev.dev-web.at\/de\/lueftungen\/lueftungssysteme\/zubehoer-ersatzteile\/ersatzgeblaese\/limodor-lf200\/#breadcrumb","itemListElement":[{"@type":"ListItem","position":1,"name":"Startseite","item":"https:\/\/limodor-dev.dev-web.at\/de\/"},{"@type":"ListItem","position":2,"name":"L\u00f6sungen","item":"https:\/\/limodor-dev.dev-web.at\/de\/lueftungen\/"},{"@type":"ListItem","position":3,"name":"L\u00fcftungssysteme","item":"https:\/\/limodor-dev.dev-web.at\/de\/lueftungen\/lueftungssysteme\/"},{"@type":"ListItem","position":4,"name":"Zubeh\u00f6r &amp; Ersatzteile","item":"https:\/\/limodor-dev.dev-web.at\/de\/lueftungen\/lueftungssysteme\/zubehoer-ersatzteile\/"},{"@type":"ListItem","position":5,"name":"Ersatzgebl\u00e4se &amp; Zubeh\u00f6r","item":"https:\/\/limodor-dev.dev-web.at\/de\/lueftungen\/lueftungssysteme\/zubehoer-ersatzteile\/ersatzgeblaese\/"},{"@type":"ListItem","position":6,"name":"LIMODOR LF200"}]},{"@type":"WebSite","@id":"https:\/\/limodor-dev.dev-web.at\/de\/#website","url":"https:\/\/limodor-dev.dev-web.at\/de\/","name":"LIMODOR DE","description":"","potentialAction":[{"@type":"SearchAction","target":{"@type":"EntryPoint","urlTemplate":"https:\/\/limodor-dev.dev-web.at\/de\/?s={search_term_string}"},"query-input":{"@type":"PropertyValueSpecification","valueRequired":true,"valueName":"search_term_string"}}],"inLanguage":"de"}]}},"_links":{"self":[{"href":"https:\/\/limodor-dev.dev-web.at\/de\/wp-json\/wp\/v2\/pages\/2713","targetHints":{"allow":["GET"]}}],"collection":[{"href":"https:\/\/limodor-dev.dev-web.at\/de\/wp-json\/wp\/v2\/pages"}],"about":[{"href":"https:\/\/limodor-dev.dev-web.at\/de\/wp-json\/wp\/v2\/types\/page"}],"author":[{"embeddable":true,"href":"https:\/\/limodor-dev.dev-web.at\/de\/wp-json\/wp\/v2\/users\/7"}],"replies":[{"embeddable":true,"href":"https:\/\/limodor-dev.dev-web.at\/de\/wp-json\/wp\/v2\/comments?post=2713"}],"version-history":[{"count":12,"href":"https:\/\/limodor-dev.dev-web.at\/de\/wp-json\/wp\/v2\/pages\/2713\/revisions"}],"predecessor-version":[{"id":29457,"href":"https:\/\/limodor-dev.dev-web.at\/de\/wp-json\/wp\/v2\/pages\/2713\/revisions\/29457"}],"up":[{"embeddable":true,"href":"https:\/\/limodor-dev.dev-web.at\/de\/wp-json\/wp\/v2\/pages\/2897"}],"wp:attachment":[{"href":"https:\/\/limodor-dev.dev-web.at\/de\/wp-json\/wp\/v2\/media?parent=2713"}],"curies":[{"name":"wp","href":"https:\/\/api.w.org\/{rel}","templated":true}]}}