{"id":29556,"date":"2025-03-28T11:09:27","date_gmt":"2025-03-28T10:09:27","guid":{"rendered":"https:\/\/www.limodor.com\/de\/?page_id=29556"},"modified":"2025-03-28T11:09:27","modified_gmt":"2025-03-28T10:09:27","slug":"technischersupport-m-w-d","status":"publish","type":"page","link":"https:\/\/limodor-dev.dev-web.at\/de\/technischersupport-m-w-d\/","title":{"rendered":"Technischer Support (m\/w\/d)"},"content":{"rendered":"\n\t<section class=\"section wave\" id=\"section_290181752\">\n\t\t<div class=\"bg section-bg fill bg-fill  \" >\n\n\t\t\t\n\t\t\t\n\t\t\t\n\n\t\t<\/div>\n\n\t\t\n\n\t\t<div class=\"section-content relative\">\n\t\t\t\n\n\n\t\t<\/div>\n\n\t\t\n<style>\n#section_290181752 {\n  padding-top: 0px;\n  padding-bottom: 0px;\n  min-height: 50vh;\n}\n#section_290181752 .section-bg.bg-loaded {\n  background-image: url(https:\/\/limodor-dev.dev-web.at\/de\/wp-content\/uploads\/sites\/2\/2023\/10\/hannah-busing-Zyx1bK9mqmA-unsplash_1-scaled.jpg);\n}\n#section_290181752 .section-bg {\n  background-position: 34% 68%;\n}\n<\/style>\n\t<\/section>\n\t\n\t<section class=\"section\" id=\"section_1562230173\">\n\t\t<div class=\"bg section-bg fill bg-fill  bg-loaded\" >\n\n\t\t\t\n\t\t\t\n\t\t\t\n\n\t\t<\/div>\n\n\t\t\n\n\t\t<div class=\"section-content relative\">\n\t\t\t\n\n<div class=\"row\"  id=\"row-2096487043\">\n\n\n\t<div id=\"col-498483097\" class=\"col small-12 large-12\"  >\n\t\t\t\t<div class=\"col-inner\"  >\n\t\t\t\n\t\t\t\n\n<h4>Das sind wir:<\/h4>\n<p>Wir sind einer der renommiertesten Hersteller von L\u00fcftungsger\u00e4ten in Europa \u2013 und das seit sechs Jahrzehnten. Die spannende Herausforderung, nachhaltige Klimaschutz-L\u00f6sungen f\u00fcr sicheres und gesundes Wohnen in einer zukunftssicheren Technikbranche zu schaffen, trifft bei uns auf eine entspannte, famili\u00e4re Wohlf\u00fchlatmosph\u00e4re. Ein guter Platz zum Arbeiten.<\/p>\n<p><strong>Zur Verst\u00e4rkung unseres Teams ben\u00f6tigen wir Unterst\u00fctzung und suchen dich als<\/strong><\/p>\n<h3><strong>Sachbearbeiter Technischer Support (m\/w\/d)<\/strong><\/h3>\n<h4>Deine Aufgaben: \u00a0\u00a0\u00a0\u00a0\u00a0\u00a0\u00a0\u00a0\u00a0\u00a0\u00a0\u00a0\u00a0\u00a0\u00a0\u00a0\u00a0\u00a0\u00a0\u00a0\u00a0\u00a0\u00a0\u00a0\u00a0\u00a0\u00a0\u00a0\u00a0\u00a0\u00a0\u00a0\u00a0\u00a0\u00a0\u00a0\u00a0\u00a0\u00a0\u00a0\u00a0\u00a0\u00a0\u00a0\u00a0\u00a0\u00a0\u00a0\u00a0\u00a0\u00a0\u00a0\u00a0\u00a0\u00a0\u00a0<\/h4>\n<ul>\n<li>Unterst\u00fctzung Verkauf \/ Vertrieb bei technischen Fragen zu Produkten &amp; Ersatzteilen<\/li>\n<li>Ansprechpartner f\u00fcr nationale Kunden &amp; Planer bei technischen Anfragen<\/li>\n<li>Auslegung von l\u00fcftungstechnischen Anlagen<\/li>\n<li>Unterst\u00fctzung bei Produktentwicklungen<\/li>\n<li>Unterst\u00fctzung unserer Qualit\u00e4tssicherung zur Optimierung von Produkten<\/li>\n<\/ul>\n<h4>Dein Profil:<\/h4>\n<ul>\n<li>Abgeschlossene (technische) Ausbildung im Bereich SHK oder vergleichbar<\/li>\n<li>Berufserfahrung im Bereich L\u00fcftung \/ SHK von Vorteil<\/li>\n<li>Erfahrungen im telefonischen Kundensupport<\/li>\n<li>Sehr gute Deutschkenntnisse<\/li>\n<li>Sicherer Umgang mit MS Office Programmen<\/li>\n<li>Teamf\u00e4higkeit, L\u00f6sungsorientierung und Hands-on Mentalit\u00e4t<\/li>\n<li>Geringe Reisebereitschaft, Besitz eines g\u00fcltigen F\u00fchrerscheines (mind. Klasse B).<\/li>\n<\/ul>\n<h4>Was wir Dir bieten:<\/h4>\n<ul>\n<li>Ein spannendes und abwechslungsreiches Aufgabengebiet mit gro\u00dfem pers\u00f6nlichen Gestaltungsspielraum und hoher Eigenverantwortung<\/li>\n<li>Ein motiviertes Team, das Spa\u00df am interdisziplin\u00e4ren, gemeinsamen Arbeiten hat<\/li>\n<li>Flache Hierarchien, kurze Entscheidungswege sowie famili\u00e4re Strukturen<\/li>\n<\/ul>\n<ul>\n<li>Freiwillige Arbeitgeberleistungen wie z.B. Urlaubs- und Weihnachtsgeld<\/li>\n<\/ul>\n<ul>\n<li>Eine intensive Einschulungsphase sowie laufende Weiterbildungen<\/li>\n<\/ul>\n<ul>\n<li>Kooperation mit einem ortsans\u00e4ssigen Fitnessstudio<\/li>\n<li>Boni von Gratisgetr\u00e4nken und Obst bis zu unseren vielen Firmenevents<\/li>\n<\/ul>\n<p>Wir freuen uns auf Deine Bewerbung \u00fcber unser Bewerbungsformular unter www.limodor.com, per Mail an bewerbung@limodor.de oder per Post an:<\/p>\n<p>LIMODOR GmbH &amp; Co KG Deutschland<br \/>Ralf Wi\u00dfing<br \/>Dainbacher Weg 21<br \/>97980 Bad Mergentheim<\/p>\n\n\t\t<\/div>\n\t\t\t\t\t<\/div>\n\n\t\n\n<\/div>\n\n\t\t<\/div>\n\n\t\t\n<style>\n#section_1562230173 {\n  padding-top: 30px;\n  padding-bottom: 30px;\n}\n<\/style>\n\t<\/section>\n\t\n\t<section class=\"section section-space\" id=\"section_688210061\">\n\t\t<div class=\"bg section-bg fill bg-fill  bg-loaded\" >\n\n\t\t\t\n\t\t\t\n\t\t\t\n\n\t\t<\/div>\n\n\t\t\n\n\t\t<div class=\"section-content relative\">\n\t\t\t\n\n<span class=\"scroll-to\" data-label=\"Scroll to: #formular\" data-bullet=\"false\" data-link=\"#formular\" data-title=\"Bewerbungsformular\" ><a name=\"formular\"><\/a><\/span>\n\n<div class=\"row\"  id=\"row-1372581182\">\n\n\n\t<div id=\"col-961597855\" class=\"col small-12 large-12\"  >\n\t\t\t\t<div class=\"col-inner\"  >\n\t\t\t\n\t\t\t\n\n\n<div class=\"wpcf7 no-js\" id=\"wpcf7-f2504-o1\" lang=\"de-DE\" dir=\"ltr\" data-wpcf7-id=\"2504\">\n<div class=\"screen-reader-response\"><p role=\"status\" aria-live=\"polite\" aria-atomic=\"true\"><\/p> <ul><\/ul><\/div>\n<form action=\"\/de\/wp-json\/wp\/v2\/pages\/29556#wpcf7-f2504-o1\" method=\"post\" class=\"wpcf7-form init\" aria-label=\"Kontaktformular\" enctype=\"multipart\/form-data\" novalidate=\"novalidate\" data-status=\"init\">\n<fieldset class=\"hidden-fields-container\"><input type=\"hidden\" name=\"_wpcf7\" value=\"2504\" \/><input type=\"hidden\" name=\"_wpcf7_version\" value=\"6.1.5\" \/><input type=\"hidden\" name=\"_wpcf7_locale\" value=\"de_DE\" \/><input type=\"hidden\" name=\"_wpcf7_unit_tag\" value=\"wpcf7-f2504-o1\" \/><input type=\"hidden\" name=\"_wpcf7_container_post\" value=\"0\" \/><input type=\"hidden\" name=\"_wpcf7_posted_data_hash\" value=\"\" \/><input type=\"hidden\" name=\"_wpcf7_recaptcha_response\" value=\"\" \/>\n<\/fieldset>\n<div class=\"cf-various-cols\">\n\t<p class=\"cf-3-cols\"><br \/>\n<label> Anrede*<br \/>\n<span class=\"wpcf7-form-control-wrap\" data-name=\"title\"><select class=\"wpcf7-form-control wpcf7-select wpcf7-validates-as-required\" aria-required=\"true\" aria-invalid=\"false\" name=\"title\"><option value=\"\">&#8211; Bitte ausw\u00e4hlen &#8211;<\/option><option value=\"Herr\">Herr<\/option><option value=\"Frau\">Frau<\/option><option value=\"Divers\">Divers<\/option><\/select><\/span><\/label>\n\t<\/p>\n\t<p class=\"cf-3-cols\"><br \/>\n<label> Vorname*<br \/>\n<span class=\"wpcf7-form-control-wrap\" data-name=\"FNAME\"><input size=\"40\" maxlength=\"400\" class=\"wpcf7-form-control wpcf7-text wpcf7-validates-as-required\" autocomplete=\"name\" aria-required=\"true\" aria-invalid=\"false\" value=\"\" type=\"text\" name=\"FNAME\" \/><\/span> <\/label>\n\t<\/p>\n\t<p class=\"cf-3-cols\"><br \/>\n<label> Nachname*<br \/>\n<span class=\"wpcf7-form-control-wrap\" data-name=\"LNAME\"><input size=\"40\" maxlength=\"400\" class=\"wpcf7-form-control wpcf7-text wpcf7-validates-as-required\" autocomplete=\"name\" aria-required=\"true\" aria-invalid=\"false\" value=\"\" type=\"text\" name=\"LNAME\" \/><\/span> <\/label>\n\t<\/p>\n<\/div>\n<div class=\"cf-various-cols\">\n\t<p class=\"cf-2-cols\"><br \/>\n<label> E-Mail*<br \/>\n<span class=\"wpcf7-form-control-wrap\" data-name=\"EMAIL\"><input size=\"40\" maxlength=\"400\" class=\"wpcf7-form-control wpcf7-email wpcf7-validates-as-required wpcf7-text wpcf7-validates-as-email\" autocomplete=\"email\" aria-required=\"true\" aria-invalid=\"false\" value=\"\" type=\"email\" name=\"EMAIL\" \/><\/span> <\/label>\n\t<\/p>\n\t<p class=\"cf-2-cols\"><br \/>\n<label> Telefonnummer*<br \/>\n<span class=\"wpcf7-form-control-wrap\" data-name=\"mc4wp-TEL\"><input size=\"40\" maxlength=\"400\" class=\"wpcf7-form-control wpcf7-tel wpcf7-validates-as-required wpcf7-text wpcf7-validates-as-tel\" autocomplete=\"tel\" aria-required=\"true\" aria-invalid=\"false\" value=\"\" type=\"tel\" name=\"mc4wp-TEL\" \/><\/span> <\/label>\n\t<\/p>\n<\/div>\n<p><label> Betreff*<br \/>\n<span class=\"wpcf7-form-control-wrap\" data-name=\"your-subject\"><input size=\"40\" maxlength=\"400\" class=\"wpcf7-form-control wpcf7-text wpcf7-validates-as-required\" aria-required=\"true\" aria-invalid=\"false\" value=\"\" type=\"text\" name=\"your-subject\" \/><\/span> <\/label>\n<\/p>\n<p><label> Ihre Nachricht<br \/>\n<span class=\"wpcf7-form-control-wrap\" data-name=\"your-message\"><textarea cols=\"40\" rows=\"10\" maxlength=\"2000\" class=\"wpcf7-form-control wpcf7-textarea\" aria-invalid=\"false\" name=\"your-message\"><\/textarea><\/span> <\/label>\n<\/p>\n<div class=\"contact-form-fileuploadContainer\">\n\t<div class=\"contact-form-fileuploadTextContainer\">\n\t\t<p><span class=\"fileuploadTitle\">Lebenslauf*<\/span><br \/>\n<span class=\"fileUploadText\">Es werden nur folgende Dateitypen akzeptiert: .pdf, .jpg, .jpeg, .png, .bmp, .gif; Uploadlimit: 10MB<\/span>\n\t\t<\/p>\n\t<\/div>\n\t<p><span class=\"wpcf7-form-control-wrap\" data-name=\"upload-cv\"><input size=\"40\" class=\"wpcf7-form-control wpcf7-file wpcf7-validates-as-required\" accept=\".pdf,.jpg,.jpeg,.png,.bmp,.gif\" aria-required=\"true\" aria-invalid=\"false\" type=\"file\" name=\"upload-cv\" \/><\/span>\n\t<\/p>\n<\/div>\n<div class=\"contact-form-fileuploadContainer\">\n\t<div class=\"contact-form-fileuploadTextContainer\">\n\t\t<p><span class=\"fileuploadTitle\">Motivationsschreiben*<\/span><br \/>\n<span class=\"fileUploadText\">Es werden nur folgende Dateitypen akzeptiert: .pdf, .jpg, .jpeg, .png, .bmp, .gif; Uploadlimit: 5MB<\/span>\n\t\t<\/p>\n\t<\/div>\n\t<p><span class=\"wpcf7-form-control-wrap\" data-name=\"upload-motivation\"><input size=\"40\" class=\"wpcf7-form-control wpcf7-file wpcf7-validates-as-required\" accept=\".pdf,.jpg,.jpeg,.png,.bmp,.gif\" aria-required=\"true\" aria-invalid=\"false\" type=\"file\" name=\"upload-motivation\" \/><\/span>\n\t<\/p>\n<\/div>\n<div class=\"contact-form-fileuploadContainer\">\n\t<div class=\"contact-form-fileuploadTextContainer\">\n\t\t<p><span class=\"fileuploadTitle\">Optionale Dokumente<\/span><br \/>\n<span class=\"fileUploadText\">Es werden nur folgende Dateitypen akzeptiert: .pdf, .jpg, .jpeg, .png, .bmp, .gif; Uploadlimit: 10MB<\/span>\n\t\t<\/p>\n\t<\/div>\n\t<p><span class=\"wpcf7-form-control-wrap\" data-name=\"upload\"><input size=\"40\" class=\"wpcf7-form-control wpcf7-file\" accept=\".pdf,.jpg,.jpeg,.png,.bmp,.gif\" aria-invalid=\"false\" type=\"file\" name=\"upload\" \/><\/span>\n\t<\/p>\n<\/div>\n<p><!-- Mailchimp for WordPress v4.12.1 - https:\/\/www.mc4wp.com\/ --><input type=\"hidden\" name=\"_mc4wp_subscribe_contact-form-7\" value=\"0\" \/><span class=\"mc4wp-checkbox mc4wp-checkbox-contact-form-7 \"><label><input type=\"checkbox\" name=\"_mc4wp_subscribe_contact-form-7\" value=\"1\" ><span>Ich m\u00f6chte den Newsletter empfangen.<\/span><\/label><\/span><!-- \/ Mailchimp for WordPress -->\n<\/p>\n<div class=\"contact-form-flex\">\n\t<p><span class=\"wpcf7-form-control-wrap\" data-name=\"datenschutz\"><span class=\"wpcf7-form-control wpcf7-acceptance\"><span class=\"wpcf7-list-item\"><input type=\"checkbox\" name=\"datenschutz\" value=\"1\" aria-invalid=\"false\" \/><\/span><\/span><\/span><label>Ich habe die <a href=\"\/de\/datenschutz\"> Datenschutzerkl\u00e4rung <\/a> gelesen und akzeptiert.<\/label>\n\t<\/p>\n<\/div>\n<p>Diese Webseite wird durch das Google reCAPTCHA gesch\u00fctzt. Bitte beachten Sie die <a href=\"https:\/\/policies.google.com\/privacy\">Datenschutzbestimmungen<\/a> sowie die <a href=\"https:\/\/policies.google.com\/terms\">Nutzungsbedingungen<\/a> von Google.\n<\/p>\n<p><input class=\"wpcf7-form-control wpcf7-submit has-spinner\" type=\"submit\" value=\"Senden\" \/>\n<\/p><div class=\"wpcf7-response-output\" aria-hidden=\"true\"><\/div>\n<\/form>\n<\/div>\n\n\n\n\t\t<\/div>\n\t\t\t\t\t<\/div>\n\n\t\n\n<\/div>\n\n\t\t<\/div>\n\n\t\t\n<style>\n#section_688210061 {\n  padding-top: 0px;\n  padding-bottom: 0px;\n}\n<\/style>\n\t<\/section>\n\t\n\n","protected":false},"excerpt":{"rendered":"","protected":false},"author":7,"featured_media":0,"parent":0,"menu_order":0,"comment_status":"closed","ping_status":"closed","template":"page-blank.php","meta":{"_acf_changed":false,"footnotes":""},"class_list":["post-29556","page","type-page","status-publish","hentry"],"acf":[],"yoast_head":"<!-- This site is optimized with the Yoast SEO plugin v27.3 - https:\/\/yoast.com\/product\/yoast-seo-wordpress\/ -->\n<title>Technischer Support (m\/w\/d) - LIMODOR<\/title>\n<meta name=\"robots\" content=\"noindex, follow, max-snippet:-1, max-image-preview:large, max-video-preview:-1\" \/>\n<meta property=\"og:locale\" content=\"de_DE\" \/>\n<meta property=\"og:type\" content=\"article\" \/>\n<meta property=\"og:title\" content=\"Technischer Support (m\/w\/d) - LIMODOR\" \/>\n<meta property=\"og:url\" content=\"https:\/\/limodor-dev.dev-web.at\/de\/technischersupport-m-w-d\/\" \/>\n<meta property=\"og:site_name\" content=\"LIMODOR DE\" \/>\n<meta name=\"twitter:card\" content=\"summary_large_image\" \/>\n<meta name=\"twitter:label1\" content=\"Gesch\u00e4tzte Lesezeit\" \/>\n\t<meta name=\"twitter:data1\" content=\"2\u00a0Minuten\" \/>\n<script type=\"application\/ld+json\" class=\"yoast-schema-graph\">{\"@context\":\"https:\\\/\\\/schema.org\",\"@graph\":[{\"@type\":\"WebPage\",\"@id\":\"https:\\\/\\\/limodor-dev.dev-web.at\\\/de\\\/technischersupport-m-w-d\\\/\",\"url\":\"https:\\\/\\\/limodor-dev.dev-web.at\\\/de\\\/technischersupport-m-w-d\\\/\",\"name\":\"Technischer Support (m\\\/w\\\/d) - LIMODOR\",\"isPartOf\":{\"@id\":\"https:\\\/\\\/limodor-dev.dev-web.at\\\/de\\\/#website\"},\"datePublished\":\"2025-03-28T10:09:27+00:00\",\"breadcrumb\":{\"@id\":\"https:\\\/\\\/limodor-dev.dev-web.at\\\/de\\\/technischersupport-m-w-d\\\/#breadcrumb\"},\"inLanguage\":\"de\",\"potentialAction\":[{\"@type\":\"ReadAction\",\"target\":[\"https:\\\/\\\/limodor-dev.dev-web.at\\\/de\\\/technischersupport-m-w-d\\\/\"]}]},{\"@type\":\"BreadcrumbList\",\"@id\":\"https:\\\/\\\/limodor-dev.dev-web.at\\\/de\\\/technischersupport-m-w-d\\\/#breadcrumb\",\"itemListElement\":[{\"@type\":\"ListItem\",\"position\":1,\"name\":\"Startseite\",\"item\":\"https:\\\/\\\/limodor-dev.dev-web.at\\\/de\\\/\"},{\"@type\":\"ListItem\",\"position\":2,\"name\":\"Technischer Support (m\\\/w\\\/d)\"}]},{\"@type\":\"WebSite\",\"@id\":\"https:\\\/\\\/limodor-dev.dev-web.at\\\/de\\\/#website\",\"url\":\"https:\\\/\\\/limodor-dev.dev-web.at\\\/de\\\/\",\"name\":\"LIMODOR DE\",\"description\":\"\",\"potentialAction\":[{\"@type\":\"SearchAction\",\"target\":{\"@type\":\"EntryPoint\",\"urlTemplate\":\"https:\\\/\\\/limodor-dev.dev-web.at\\\/de\\\/?s={search_term_string}\"},\"query-input\":{\"@type\":\"PropertyValueSpecification\",\"valueRequired\":true,\"valueName\":\"search_term_string\"}}],\"inLanguage\":\"de\"}]}<\/script>\n<!-- \/ Yoast SEO plugin. -->","yoast_head_json":{"title":"Technischer Support (m\/w\/d) - LIMODOR","robots":{"index":"noindex","follow":"follow","max-snippet":"max-snippet:-1","max-image-preview":"max-image-preview:large","max-video-preview":"max-video-preview:-1"},"og_locale":"de_DE","og_type":"article","og_title":"Technischer Support (m\/w\/d) - LIMODOR","og_url":"https:\/\/limodor-dev.dev-web.at\/de\/technischersupport-m-w-d\/","og_site_name":"LIMODOR DE","twitter_card":"summary_large_image","twitter_misc":{"Gesch\u00e4tzte Lesezeit":"2\u00a0Minuten"},"schema":{"@context":"https:\/\/schema.org","@graph":[{"@type":"WebPage","@id":"https:\/\/limodor-dev.dev-web.at\/de\/technischersupport-m-w-d\/","url":"https:\/\/limodor-dev.dev-web.at\/de\/technischersupport-m-w-d\/","name":"Technischer Support (m\/w\/d) - LIMODOR","isPartOf":{"@id":"https:\/\/limodor-dev.dev-web.at\/de\/#website"},"datePublished":"2025-03-28T10:09:27+00:00","breadcrumb":{"@id":"https:\/\/limodor-dev.dev-web.at\/de\/technischersupport-m-w-d\/#breadcrumb"},"inLanguage":"de","potentialAction":[{"@type":"ReadAction","target":["https:\/\/limodor-dev.dev-web.at\/de\/technischersupport-m-w-d\/"]}]},{"@type":"BreadcrumbList","@id":"https:\/\/limodor-dev.dev-web.at\/de\/technischersupport-m-w-d\/#breadcrumb","itemListElement":[{"@type":"ListItem","position":1,"name":"Startseite","item":"https:\/\/limodor-dev.dev-web.at\/de\/"},{"@type":"ListItem","position":2,"name":"Technischer Support (m\/w\/d)"}]},{"@type":"WebSite","@id":"https:\/\/limodor-dev.dev-web.at\/de\/#website","url":"https:\/\/limodor-dev.dev-web.at\/de\/","name":"LIMODOR DE","description":"","potentialAction":[{"@type":"SearchAction","target":{"@type":"EntryPoint","urlTemplate":"https:\/\/limodor-dev.dev-web.at\/de\/?s={search_term_string}"},"query-input":{"@type":"PropertyValueSpecification","valueRequired":true,"valueName":"search_term_string"}}],"inLanguage":"de"}]}},"_links":{"self":[{"href":"https:\/\/limodor-dev.dev-web.at\/de\/wp-json\/wp\/v2\/pages\/29556","targetHints":{"allow":["GET"]}}],"collection":[{"href":"https:\/\/limodor-dev.dev-web.at\/de\/wp-json\/wp\/v2\/pages"}],"about":[{"href":"https:\/\/limodor-dev.dev-web.at\/de\/wp-json\/wp\/v2\/types\/page"}],"author":[{"embeddable":true,"href":"https:\/\/limodor-dev.dev-web.at\/de\/wp-json\/wp\/v2\/users\/7"}],"replies":[{"embeddable":true,"href":"https:\/\/limodor-dev.dev-web.at\/de\/wp-json\/wp\/v2\/comments?post=29556"}],"version-history":[{"count":1,"href":"https:\/\/limodor-dev.dev-web.at\/de\/wp-json\/wp\/v2\/pages\/29556\/revisions"}],"predecessor-version":[{"id":29559,"href":"https:\/\/limodor-dev.dev-web.at\/de\/wp-json\/wp\/v2\/pages\/29556\/revisions\/29559"}],"wp:attachment":[{"href":"https:\/\/limodor-dev.dev-web.at\/de\/wp-json\/wp\/v2\/media?parent=29556"}],"curies":[{"name":"wp","href":"https:\/\/api.w.org\/{rel}","templated":true}]}}